{"id":3414,"date":"2013-04-01T15:37:54","date_gmt":"2013-04-01T15:37:54","guid":{"rendered":"http:\/\/www.alzola-abogados.eu\/homepage-2\/"},"modified":"2016-05-11T09:33:54","modified_gmt":"2016-05-11T09:33:54","slug":"homepage","status":"publish","type":"page","link":"https:\/\/www.alzola-abogados.eu\/fr\/","title":{"rendered":"Homepage"},"content":{"rendered":"<div id='layer_slider_1' class='avia-layerslider main_color avia-shadow  container_wrap sidebar_right'    style='height: 471px;' ><\/div>\n<div class=\"flex_column av_one_third  flex_column_div first  \" ><article class=\"iconbox iconbox_left  \"  itemscope=\"itemscope\" itemtype=\"https:\/\/schema.org\/CreativeWork\" ><div class=\"iconbox_content\"><header class=\"entry-content-header\"><div class=\"iconbox_icon heading-color\" aria-hidden='true' data-av_icon='\ue80b' data-av_iconfont='entypo-fontello'  ><\/div><h3 class='iconbox_content_title'  itemprop=\"headline\"  >Le Cabinet<\/h3><\/header><div class='iconbox_content_container '  itemprop=\"text\"  ><p>Notre cabinet\u00a0est consacr\u00e9e \u00e0 l\u2019assistance\u00a0juridique dans toutes les branches du droit publique et priv\u00e9, vers ses\u00a0associ\u00e9s, \u00e0 des personnes physiques et morales, publiques et priv\u00e9s.<\/p>\n<\/div><\/div><footer class=\"entry-footer\"><\/footer><\/article><\/div>\n<div class=\"flex_column av_one_third  flex_column_div   \" ><article class=\"iconbox iconbox_left  \"  itemscope=\"itemscope\" itemtype=\"https:\/\/schema.org\/CreativeWork\" ><div class=\"iconbox_content\"><header class=\"entry-content-header\"><div class=\"iconbox_icon heading-color\" aria-hidden='true' data-av_icon='\ue8b8' data-av_iconfont='entypo-fontello'  ><\/div><h3 class='iconbox_content_title'  itemprop=\"headline\"  >Services<\/h3><\/header><div class='iconbox_content_container '  itemprop=\"text\"  ><p>Nous offrons nos services dans les differentes\u00a0branches du Droit.<\/p>\n<\/div><\/div><footer class=\"entry-footer\"><\/footer><\/article><\/div><div class=\"flex_column av_one_third  flex_column_div   \" ><article class=\"iconbox iconbox_left  \"  itemscope=\"itemscope\" itemtype=\"https:\/\/schema.org\/CreativeWork\" ><div class=\"iconbox_content\"><header class=\"entry-content-header\"><div class=\"iconbox_icon heading-color\" aria-hidden='true' data-av_icon='\ue891' data-av_iconfont='entypo-fontello'  ><\/div><h3 class='iconbox_content_title'  itemprop=\"headline\"  >Contact<\/h3><\/header><div class='iconbox_content_container '  itemprop=\"text\"  ><p>Vous pouvez nous contacter par email dans l\u2019adresse <a href=\"mailto:info@alzola-abogados.eu\">info@alzola-abogados.eu<\/a> ou par t\u00e9l\u00e9phone dans le num\u00e9ro 0034 922 535 279<\/p>\n<\/div><\/div><footer class=\"entry-footer\"><\/footer><\/article><\/div><\/p>\n","protected":false},"excerpt":{"rendered":"<p>This is a Page excerpt. It will be displayed for search results<\/p>\n","protected":false},"author":1,"featured_media":0,"parent":0,"menu_order":0,"comment_status":"open","ping_status":"open","template":"","meta":[],"_links":{"self":[{"href":"https:\/\/www.alzola-abogados.eu\/fr\/wp-json\/wp\/v2\/pages\/3414"}],"collection":[{"href":"https:\/\/www.alzola-abogados.eu\/fr\/wp-json\/wp\/v2\/pages"}],"about":[{"href":"https:\/\/www.alzola-abogados.eu\/fr\/wp-json\/wp\/v2\/types\/page"}],"author":[{"embeddable":true,"href":"https:\/\/www.alzola-abogados.eu\/fr\/wp-json\/wp\/v2\/users\/1"}],"replies":[{"embeddable":true,"href":"https:\/\/www.alzola-abogados.eu\/fr\/wp-json\/wp\/v2\/comments?post=3414"}],"version-history":[{"count":5,"href":"https:\/\/www.alzola-abogados.eu\/fr\/wp-json\/wp\/v2\/pages\/3414\/revisions"}],"predecessor-version":[{"id":3442,"href":"https:\/\/www.alzola-abogados.eu\/fr\/wp-json\/wp\/v2\/pages\/3414\/revisions\/3442"}],"wp:attachment":[{"href":"https:\/\/www.alzola-abogados.eu\/fr\/wp-json\/wp\/v2\/media?parent=3414"}],"curies":[{"name":"wp","href":"https:\/\/api.w.org\/{rel}","templated":true}]}}