{"id":3360,"date":"2015-05-29T23:18:51","date_gmt":"2015-05-29T23:18:51","guid":{"rendered":"http:\/\/www.alzola-abogados.eu\/servicios-2\/"},"modified":"2015-08-01T15:43:43","modified_gmt":"2015-08-01T15:43:43","slug":"services","status":"publish","type":"page","link":"https:\/\/www.alzola-abogados.eu\/fr\/services\/","title":{"rendered":"Services"},"content":{"rendered":"<div class=\"flex_column av_one_half  flex_column_div first  \" ><article class=\"iconbox iconbox_top main_color  \"  itemscope=\"itemscope\" itemtype=\"https:\/\/schema.org\/CreativeWork\" ><div class=\"iconbox_content\"><header class=\"entry-content-header\"><div class=\"iconbox_icon heading-color\" aria-hidden='true' data-av_icon='\ue84b' data-av_iconfont='entypo-fontello'  ><\/div><h3 class='iconbox_content_title'  itemprop=\"headline\"  >Droit Civile<\/h3><\/header><div class='iconbox_content_container '  itemprop=\"text\"  ><p>Droit de la famille.<\/p>\n<p>Droit successoral.<\/p>\n<p>Droit contractuel.<\/p>\n<p>Plaintes ou R\u00e9clamations (responsabilit\u00e9 extracontractuel, etc.)<\/p>\n<\/div><\/div><footer class=\"entry-footer\"><\/footer><\/article><\/div><div class=\"flex_column av_one_half  flex_column_div   \" ><article class=\"iconbox iconbox_top main_color  \"  itemscope=\"itemscope\" itemtype=\"https:\/\/schema.org\/CreativeWork\" ><div class=\"iconbox_content\"><header class=\"entry-content-header\"><div class=\"iconbox_icon heading-color\" aria-hidden='true' data-av_icon='\ue84b' data-av_iconfont='entypo-fontello'  ><\/div><h3 class='iconbox_content_title'  itemprop=\"headline\"  >Droit Administratif<\/h3><\/header><div class='iconbox_content_container '  itemprop=\"text\"  ><p>Droit administratif r\u00e9pressif (g\u00e9n\u00e9ral et sp\u00e9cial).<\/p>\n<p>R\u00e9clamations \u00e9conomiques \u2013 administratives dans les mati\u00e8res fiscales et tributaires.<\/p>\n<\/div><\/div><footer class=\"entry-footer\"><\/footer><\/article><\/div><div class=\"flex_column av_one_half  flex_column_div first  \" ><article class=\"iconbox iconbox_top main_color  \"  itemscope=\"itemscope\" itemtype=\"https:\/\/schema.org\/CreativeWork\" ><div class=\"iconbox_content\"><header class=\"entry-content-header\"><div class=\"iconbox_icon heading-color\" aria-hidden='true' data-av_icon='\ue84b' data-av_iconfont='entypo-fontello'  ><\/div><h3 class='iconbox_content_title'  itemprop=\"headline\"  >Droit immobili\u00e8re, proc\u00e9dures notari\u00e9es et droits d\u2019enregistrement.<\/h3><\/header><div class='iconbox_content_container '  itemprop=\"text\"  ><\/div><\/div><footer class=\"entry-footer\"><\/footer><\/article><\/div><div class=\"flex_column av_one_half  flex_column_div   \" ><article class=\"iconbox iconbox_top main_color  \"  itemscope=\"itemscope\" itemtype=\"https:\/\/schema.org\/CreativeWork\" ><div class=\"iconbox_content\"><header class=\"entry-content-header\"><div class=\"iconbox_icon heading-color\" aria-hidden='true' data-av_icon='\ue84b' data-av_iconfont='entypo-fontello'  ><\/div><h3 class='iconbox_content_title'  itemprop=\"headline\"  >Droit d\u2019urbanisme.<\/h3><\/header><div class='iconbox_content_container '  itemprop=\"text\"  ><\/div><\/div><footer class=\"entry-footer\"><\/footer><\/article><\/div><div class=\"flex_column av_one_half  flex_column_div first  \" ><article class=\"iconbox iconbox_top main_color  \"  itemscope=\"itemscope\" itemtype=\"https:\/\/schema.org\/CreativeWork\" ><div class=\"iconbox_content\"><header class=\"entry-content-header\"><div class=\"iconbox_icon heading-color\" aria-hidden='true' data-av_icon='\ue84b' data-av_iconfont='entypo-fontello'  ><\/div><h3 class='iconbox_content_title'  itemprop=\"headline\"  >Droit commercial et soci\u00e9taire.<\/h3><\/header><div class='iconbox_content_container '  itemprop=\"text\"  ><\/div><\/div><footer class=\"entry-footer\"><\/footer><\/article><\/div><div class=\"flex_column av_one_half  flex_column_div   \" ><article class=\"iconbox iconbox_top main_color  \"  itemscope=\"itemscope\" itemtype=\"https:\/\/schema.org\/CreativeWork\" ><div class=\"iconbox_content\"><header class=\"entry-content-header\"><div class=\"iconbox_icon heading-color\" aria-hidden='true' data-av_icon='\ue84b' data-av_iconfont='entypo-fontello'  ><\/div><h3 class='iconbox_content_title'  itemprop=\"headline\"  >Droit p\u00e9nal.<\/h3><\/header><div class='iconbox_content_container '  itemprop=\"text\"  ><\/div><\/div><footer class=\"entry-footer\"><\/footer><\/article><\/div><\/p>\n","protected":false},"excerpt":{"rendered":"","protected":false},"author":1,"featured_media":0,"parent":0,"menu_order":0,"comment_status":"open","ping_status":"open","template":"","meta":[],"_links":{"self":[{"href":"https:\/\/www.alzola-abogados.eu\/fr\/wp-json\/wp\/v2\/pages\/3360"}],"collection":[{"href":"https:\/\/www.alzola-abogados.eu\/fr\/wp-json\/wp\/v2\/pages"}],"about":[{"href":"https:\/\/www.alzola-abogados.eu\/fr\/wp-json\/wp\/v2\/types\/page"}],"author":[{"embeddable":true,"href":"https:\/\/www.alzola-abogados.eu\/fr\/wp-json\/wp\/v2\/users\/1"}],"replies":[{"embeddable":true,"href":"https:\/\/www.alzola-abogados.eu\/fr\/wp-json\/wp\/v2\/comments?post=3360"}],"version-history":[{"count":2,"href":"https:\/\/www.alzola-abogados.eu\/fr\/wp-json\/wp\/v2\/pages\/3360\/revisions"}],"predecessor-version":[{"id":3387,"href":"https:\/\/www.alzola-abogados.eu\/fr\/wp-json\/wp\/v2\/pages\/3360\/revisions\/3387"}],"wp:attachment":[{"href":"https:\/\/www.alzola-abogados.eu\/fr\/wp-json\/wp\/v2\/media?parent=3360"}],"curies":[{"name":"wp","href":"https:\/\/api.w.org\/{rel}","templated":true}]}}