{"id":3257,"date":"2015-04-27T16:53:36","date_gmt":"2015-04-27T16:53:36","guid":{"rendered":"http:\/\/www.alzola-abogados.eu\/nosotros-2\/"},"modified":"2016-09-04T16:43:07","modified_gmt":"2016-09-04T16:43:07","slug":"le-cabinet","status":"publish","type":"page","link":"https:\/\/www.alzola-abogados.eu\/fr\/le-cabinet\/","title":{"rendered":"Le Cabinet"},"content":{"rendered":"<div class='avia-icon-list-container '><ul class='avia-icon-list avia-icon-list-left av-iconlist-big avia_animate_when_almost_visible'>\n<li><div  style='background-color:#2997ab; ' class='iconlist_icon avia-font-entypo-fontello'><span class='iconlist-char' aria-hidden='true' data-av_icon='\ue821' data-av_iconfont='entypo-fontello'><\/span><\/div><article class=\"article-icon-entry \"  itemscope=\"itemscope\" itemtype=\"https:\/\/schema.org\/CreativeWork\" ><div class='iconlist_content_wrap'><header class=\"entry-content-header\"><h4 class='iconlist_title'  itemprop=\"headline\"  ><\/h4><\/header><div class='iconlist_content '  itemprop=\"text\"  ><p style=\"text-align: justify;\">Constitu\u00e9e en 2005, cette soci\u00e9t\u00e9 est consacr\u00e9e \u00e0 l\u2019assistance\u00a0juridique dans toutes les branches du droit publique et priv\u00e9, vers ses\u00a0associ\u00e9s, \u00e0 des personnes physiques et morales, publiques et priv\u00e9s.\u00a0En \u00e9tendent cette assistance juridique devant des Tribunaux et des\u00a0autres organes de l\u2019Administration Publique.<\/p>\n<\/div><\/div><footer class=\"entry-footer\"><\/footer><\/article><div class='iconlist-timeline'><\/div><\/li>\n<li><div  style='background-color:#2997ab; ' class='iconlist_icon avia-font-entypo-fontello'><span class='iconlist-char' aria-hidden='true' data-av_icon='\ue875' data-av_iconfont='entypo-fontello'><\/span><\/div><article class=\"article-icon-entry \"  itemscope=\"itemscope\" itemtype=\"https:\/\/schema.org\/CreativeWork\" ><div class='iconlist_content_wrap'><header class=\"entry-content-header\"><h4 class='iconlist_title'  itemprop=\"headline\"  ><\/h4><\/header><div class='iconlist_content '  itemprop=\"text\"  ><p style=\"text-align: justify;\">Luis Alzola Trist\u00e1n, a r\u00e9alis\u00e9 ses \u00e9tudes de Droit\u00a0dans l\u2019Universit\u00e9 de La Laguna, et lui est inscrit aupr\u00e8s de l\u2019Ordre des\u00a0Avocats de Santa Cruz de Tenerife depuis 1983.<\/p>\n<\/div><\/div><footer class=\"entry-footer\"><\/footer><\/article><div class='iconlist-timeline'><\/div><\/li>\n<li><div  style='background-color:#2997ab; ' class='iconlist_icon avia-font-entypo-fontello'><span class='iconlist-char' aria-hidden='true' data-av_icon='\ue80b' data-av_iconfont='entypo-fontello'><\/span><\/div><article class=\"article-icon-entry \"  itemscope=\"itemscope\" itemtype=\"https:\/\/schema.org\/CreativeWork\" ><div class='iconlist_content_wrap'><header class=\"entry-content-header\"><h4 class='iconlist_title'  itemprop=\"headline\"  ><\/h4><\/header><div class='iconlist_content '  itemprop=\"text\"  ><p style=\"text-align: justify;\">Les partenaires ont une vaste exp\u00e9rience professionnelle dans\u00a0Droit Priv\u00e9 et aussi dans le Droit Publique. Sp\u00e9cifiquement, dans la\u00a0branche de Droit Priv\u00e9 ils donnent assistance juridique aux entreprises et personnes physiques dans les domaines de Droit Civil;\u00a0Droit Immobili\u00e8re\u00a0; Droit Notarial et d\u2019Enregistrement\u00a0; Droit\u00a0Bancaire et Financi\u00e8re\u00a0; Droit Fiscal et Droit de Famille et H\u00e9r\u00e9ditaire.\u00a0Et dans la branche de Droit Publique ils donnent leur assistance\u00a0juridique en Droit Administratif et Sanctions de Droit Administratif, et\u00a0Droit de la Construction (au niveau tant national que des Iles\u00a0Canaries). Ils d\u00e9ployant aussi leur activit\u00e9 sur le Droit Commercial et\u00a0des Soci\u00e9t\u00e9s, Droit Social et du Travail et Droit P\u00e9nal\u00a0; et ont relation\u00a0professionnelle avec Notaries et Registres Immobili\u00e8res en Santa Cruz\u00a0et Arona \u2013 Los Cristianos.<\/p>\n<\/div><\/div><footer class=\"entry-footer\"><\/footer><\/article><div class='iconlist-timeline'><\/div><\/li>\n<li><div  style='background-color:#2997ab; ' class='iconlist_icon avia-font-entypo-fontello'><span class='iconlist-char' aria-hidden='true' data-av_icon='\ue8bb' data-av_iconfont='entypo-fontello'><\/span><\/div><article class=\"article-icon-entry \"  itemscope=\"itemscope\" itemtype=\"https:\/\/schema.org\/CreativeWork\" ><div class='iconlist_content_wrap'><header class=\"entry-content-header\"><h4 class='iconlist_title'  itemprop=\"headline\"  ><\/h4><\/header><div class='iconlist_content '  itemprop=\"text\"  ><p style=\"text-align: justify;\">Pendant ses ann\u00e9es d\u2019exercice professionnel, les partenaires ont\u00a0conseill\u00e9, et continuent \u00e0 le faire, des personnes physiques, des\u00a0entit\u00e9s et entreprises locales et nationales dans les questions\u00a0relatives au Droit indiqu\u00e9es au point pr\u00e9c\u00e8dent. Particuli\u00e8rement,\u00a0avec des personnes et entit\u00e9s avec pr\u00e9sence dans le secteur de la\u00a0construction, promotion immobili\u00e8re et avec les mati\u00e8res d\u00e9riv\u00e9es et\u00a0relatifs aux m\u00eames. Ils ont aussi collabor\u00e9 comme coresponsables \u00e0\u00a0Tenerife des entreprises l\u00e9gales et personnes physiques plac\u00e9es \u00e0 l\u00e9tranger, charg\u00e9s de l\u2019octroi des actes notari\u00e9s comme les contrats de\u00a0transaction, les actes d\u2019acceptation et liquidation d\u2019h\u00e9ritage, les actes\u00a0de liquidation des imp\u00f4ts de successions et rapatriement de l\u2019argent,\u00a0au m\u00eame temps que a aussi trait\u00e9 les demandes de num\u00e9ro de\u00a0identification des \u00e9trang\u00e8res, etc.<\/p>\n<\/div><\/div><footer class=\"entry-footer\"><\/footer><\/article><div class='iconlist-timeline'><\/div><\/li>\n<\/ul><\/div>\n","protected":false},"excerpt":{"rendered":"","protected":false},"author":1,"featured_media":0,"parent":0,"menu_order":0,"comment_status":"open","ping_status":"open","template":"","meta":[],"_links":{"self":[{"href":"https:\/\/www.alzola-abogados.eu\/fr\/wp-json\/wp\/v2\/pages\/3257"}],"collection":[{"href":"https:\/\/www.alzola-abogados.eu\/fr\/wp-json\/wp\/v2\/pages"}],"about":[{"href":"https:\/\/www.alzola-abogados.eu\/fr\/wp-json\/wp\/v2\/types\/page"}],"author":[{"embeddable":true,"href":"https:\/\/www.alzola-abogados.eu\/fr\/wp-json\/wp\/v2\/users\/1"}],"replies":[{"embeddable":true,"href":"https:\/\/www.alzola-abogados.eu\/fr\/wp-json\/wp\/v2\/comments?post=3257"}],"version-history":[{"count":8,"href":"https:\/\/www.alzola-abogados.eu\/fr\/wp-json\/wp\/v2\/pages\/3257\/revisions"}],"predecessor-version":[{"id":3461,"href":"https:\/\/www.alzola-abogados.eu\/fr\/wp-json\/wp\/v2\/pages\/3257\/revisions\/3461"}],"wp:attachment":[{"href":"https:\/\/www.alzola-abogados.eu\/fr\/wp-json\/wp\/v2\/media?parent=3257"}],"curies":[{"name":"wp","href":"https:\/\/api.w.org\/{rel}","templated":true}]}}